{"id":815,"date":"2013-02-16T21:08:39","date_gmt":"2013-02-16T21:08:39","guid":{"rendered":"http:\/\/naissaar.eu\/?page_id=815"},"modified":"2020-01-23T16:57:20","modified_gmt":"2020-01-23T16:57:20","slug":"kliendipaevad","status":"publish","type":"page","link":"http:\/\/naissaar.eu\/wp\/firmauritused\/kliendipaevad\/","title":{"rendered":"Kliendi\u00fcritus"},"content":{"rendered":"\n\n<p>Naissaare Puhkekeskus on inspireeriv koht kliendi\u00fcrituste korraldamiseks.<\/p>\n<p>Naissaare \u00fcrgse looduse keskel asuv kompleks on eemal linnak\u00e4rast, aga samas vaid kiviviske kaugusel Tallinnast. Puhkekompleksi lisav\u00f5imalused v\u00f5imaldavad pidada mitmep\u00e4evaseid ajur\u00fcnnakuid ja samas \u00f5htuti m\u00f5nusalt l\u00f5\u00f5gastuda.<\/p>\n<p>Pakume t\u00e4isteenust transporti, majutust, toitlustust ja aktiivset tegevust. K\u00f5ike vajalikku t\u00e4htp\u00e4evade, suvep\u00e4evade, talvep\u00e4evade, konverentside, seminaride jt firma v\u00f5i isiklike \u00fcrituste pidamiseks.\u00a0 <strong><a href=\"http:\/\/naissaar.eu\/kontakt\/\">K\u00fcsige pakkumist \u00bb<\/a><\/strong><\/p>\n<div id=\"outer-container\">\n<div id=\"container\">\n<div id=\"maininner\">\n<div id=\"content\">\n<div id=\"maininner-left\">\n<div id=\"post-123\" class=\"post-123 page type-page status-publish hentry\">\n<div class=\"entry-content\">\n<p>Naissaare Turismi-\u00a0Ja Puhkekeskuse\u00a0meeskond ootab ja aitab Teid!<\/p>\n<\/div>\n<\/div>\n<\/div>\n<\/div>\n<\/div>\n<\/div>\n<\/div>\n<div id='gallery-1' class='gallery galleryid-815 gallery-columns-6 gallery-size-thumbnail'><figure class='gallery-item'>\n\t\t\t<div class='gallery-icon landscape'>\n\t\t\t\t<a href='http:\/\/naissaar.eu\/wp\/wp-content\/uploads\/2012\/03\/saunamaja1.jpg'><img loading=\"lazy\" decoding=\"async\" width=\"150\" height=\"150\" src=\"http:\/\/naissaar.eu\/wp\/wp-content\/uploads\/2012\/03\/saunamaja1-150x150.jpg\" class=\"attachment-thumbnail size-thumbnail\" alt=\"\" \/><\/a>\n\t\t\t<\/div><\/figure><figure class='gallery-item'>\n\t\t\t<div class='gallery-icon landscape'>\n\t\t\t\t<a href='http:\/\/naissaar.eu\/wp\/wp-content\/uploads\/2020\/01\/1438171213.jpg'><img loading=\"lazy\" decoding=\"async\" width=\"150\" height=\"150\" src=\"http:\/\/naissaar.eu\/wp\/wp-content\/uploads\/2020\/01\/1438171213-150x150.jpg\" class=\"attachment-thumbnail size-thumbnail\" alt=\"\" \/><\/a>\n\t\t\t<\/div><\/figure><figure class='gallery-item'>\n\t\t\t<div class='gallery-icon landscape'>\n\t\t\t\t<a href='http:\/\/naissaar.eu\/wp\/wp-content\/uploads\/2012\/02\/Mootorsaanimatk.jpg'><img loading=\"lazy\" decoding=\"async\" width=\"150\" height=\"150\" src=\"http:\/\/naissaar.eu\/wp\/wp-content\/uploads\/2012\/02\/Mootorsaanimatk-150x150.jpg\" class=\"attachment-thumbnail size-thumbnail\" alt=\"\" \/><\/a>\n\t\t\t<\/div><\/figure><figure class='gallery-item'>\n\t\t\t<div class='gallery-icon landscape'>\n\t\t\t\t<a href='http:\/\/naissaar.eu\/wp\/wp-content\/uploads\/2013\/02\/naissaar-peamaja-saun.jpg'><img loading=\"lazy\" decoding=\"async\" width=\"150\" height=\"150\" src=\"http:\/\/naissaar.eu\/wp\/wp-content\/uploads\/2013\/02\/naissaar-peamaja-saun-150x150.jpg\" class=\"attachment-thumbnail size-thumbnail\" alt=\"\" \/><\/a>\n\t\t\t<\/div><\/figure><figure class='gallery-item'>\n\t\t\t<div class='gallery-icon landscape'>\n\t\t\t\t<a href='http:\/\/naissaar.eu\/wp\/wp-content\/uploads\/2012\/03\/k\u00fcmblust\u00fcnn1.jpg'><img loading=\"lazy\" decoding=\"async\" width=\"150\" height=\"150\" src=\"http:\/\/naissaar.eu\/wp\/wp-content\/uploads\/2012\/03\/k\u00fcmblust\u00fcnn1-150x150.jpg\" class=\"attachment-thumbnail size-thumbnail\" alt=\"\" \/><\/a>\n\t\t\t<\/div><\/figure><figure class='gallery-item'>\n\t\t\t<div class='gallery-icon landscape'>\n\t\t\t\t<a href='http:\/\/naissaar.eu\/wp\/wp-content\/uploads\/2012\/03\/slider1.jpg'><img loading=\"lazy\" decoding=\"async\" width=\"150\" height=\"150\" src=\"http:\/\/naissaar.eu\/wp\/wp-content\/uploads\/2012\/03\/slider1-150x150.jpg\" class=\"attachment-thumbnail size-thumbnail\" alt=\"\" \/><\/a>\n\t\t\t<\/div><\/figure><figure class='gallery-item'>\n\t\t\t<div class='gallery-icon landscape'>\n\t\t\t\t<a href='http:\/\/naissaar.eu\/wp\/wp-content\/uploads\/2013\/02\/Naissaar_kaminasaal_403.jpg'><img loading=\"lazy\" decoding=\"async\" width=\"150\" height=\"150\" src=\"http:\/\/naissaar.eu\/wp\/wp-content\/uploads\/2013\/02\/Naissaar_kaminasaal_403-150x150.jpg\" class=\"attachment-thumbnail size-thumbnail\" alt=\"\" \/><\/a>\n\t\t\t<\/div><\/figure><figure class='gallery-item'>\n\t\t\t<div class='gallery-icon landscape'>\n\t\t\t\t<a href='http:\/\/naissaar.eu\/wp\/wp-content\/uploads\/2012\/02\/Mootorsaanimatk_III.jpg'><img loading=\"lazy\" decoding=\"async\" width=\"150\" height=\"150\" src=\"http:\/\/naissaar.eu\/wp\/wp-content\/uploads\/2012\/02\/Mootorsaanimatk_III-150x150.jpg\" class=\"attachment-thumbnail size-thumbnail\" alt=\"\" \/><\/a>\n\t\t\t<\/div><\/figure><figure class='gallery-item'>\n\t\t\t<div class='gallery-icon landscape'>\n\t\t\t\t<a href='http:\/\/naissaar.eu\/wp\/wp-content\/uploads\/2013\/02\/Naissaar_5201.jpg'><img loading=\"lazy\" decoding=\"async\" width=\"150\" height=\"150\" src=\"http:\/\/naissaar.eu\/wp\/wp-content\/uploads\/2013\/02\/Naissaar_5201-150x150.jpg\" class=\"attachment-thumbnail size-thumbnail\" alt=\"\" \/><\/a>\n\t\t\t<\/div><\/figure>\n\t\t<\/div>\n\n<p>K\u00fcsimuste korral helista +372 5660 9444 v\u00f5i <a title=\"Kontakt\" href=\"http:\/\/naissaar.eu\/kontakt\/\">saada p\u00e4ring<\/a><\/p>","protected":false},"excerpt":{"rendered":"<p>Naissaare Puhkekeskus on inspireeriv koht kliendi\u00fcrituste korraldamiseks. Naissaare \u00fcrgse looduse keskel asuv kompleks on eemal linnak\u00e4rast, aga samas vaid kiviviske kaugusel Tallinnast. Puhkekompleksi lisav\u00f5imalused v\u00f5imaldavad pidada mitmep\u00e4evaseid ajur\u00fcnnakuid ja samas \u00f5htuti m\u00f5nusalt l\u00f5\u00f5gastuda. Pakume t\u00e4isteenust transporti, majutust, toitlustust ja aktiivset tegevust. K\u00f5ike vajalikku t\u00e4htp\u00e4evade, suvep\u00e4evade, talvep\u00e4evade, konverentside, seminaride jt firma v\u00f5i isiklike \u00fcrituste pidamiseks.\u00a0 K\u00fcsige [&hellip;]<\/p>\n","protected":false},"author":2,"featured_media":0,"parent":18,"menu_order":0,"comment_status":"closed","ping_status":"closed","template":"","meta":{"_monsterinsights_skip_tracking":false,"_monsterinsights_sitenote_active":false,"_monsterinsights_sitenote_note":"","_monsterinsights_sitenote_category":0,"ngg_post_thumbnail":0,"footnotes":""},"class_list":["post-815","page","type-page","status-publish","hentry"],"yoast_head":"<!-- This site is optimized with the Yoast SEO plugin v27.4 - https:\/\/yoast.com\/product\/yoast-seo-wordpress\/ -->\n<title>Kliendi\u00fcritus - Naissaare Turismi- ja Puhkekeskus<\/title>\n<meta name=\"robots\" content=\"index, follow, max-snippet:-1, max-image-preview:large, max-video-preview:-1\" \/>\n<link rel=\"canonical\" href=\"https:\/\/www.naissaar.eu\/wp\/firmauritused\/kliendipaevad\/\" \/>\n<script type=\"application\/ld+json\" class=\"yoast-schema-graph\">{\"@context\":\"https:\\\/\\\/schema.org\",\"@graph\":[{\"@type\":\"WebPage\",\"@id\":\"https:\\\/\\\/www.naissaar.eu\\\/wp\\\/firmauritused\\\/kliendipaevad\\\/\",\"url\":\"https:\\\/\\\/www.naissaar.eu\\\/wp\\\/firmauritused\\\/kliendipaevad\\\/\",\"name\":\"Kliendi\u00fcritus - Naissaare Turismi- ja Puhkekeskus\",\"isPartOf\":{\"@id\":\"https:\\\/\\\/naissaar.eu\\\/wp\\\/#website\"},\"datePublished\":\"2013-02-16T21:08:39+00:00\",\"dateModified\":\"2020-01-23T16:57:20+00:00\",\"breadcrumb\":{\"@id\":\"https:\\\/\\\/www.naissaar.eu\\\/wp\\\/firmauritused\\\/kliendipaevad\\\/#breadcrumb\"},\"inLanguage\":\"et\",\"potentialAction\":[{\"@type\":\"ReadAction\",\"target\":[\"https:\\\/\\\/www.naissaar.eu\\\/wp\\\/firmauritused\\\/kliendipaevad\\\/\"]}]},{\"@type\":\"BreadcrumbList\",\"@id\":\"https:\\\/\\\/www.naissaar.eu\\\/wp\\\/firmauritused\\\/kliendipaevad\\\/#breadcrumb\",\"itemListElement\":[{\"@type\":\"ListItem\",\"position\":1,\"name\":\"Home\",\"item\":\"https:\\\/\\\/naissaar.eu\\\/wp\\\/\"},{\"@type\":\"ListItem\",\"position\":2,\"name\":\"Firma\u00fcritused\",\"item\":\"https:\\\/\\\/www.naissaar.eu\\\/wp\\\/firmauritused\\\/\"},{\"@type\":\"ListItem\",\"position\":3,\"name\":\"Kliendi\u00fcritus\"}]},{\"@type\":\"WebSite\",\"@id\":\"https:\\\/\\\/naissaar.eu\\\/wp\\\/#website\",\"url\":\"https:\\\/\\\/naissaar.eu\\\/wp\\\/\",\"name\":\"Naissaare Turismi- ja Puhkekeskus\",\"description\":\"\",\"potentialAction\":[{\"@type\":\"SearchAction\",\"target\":{\"@type\":\"EntryPoint\",\"urlTemplate\":\"https:\\\/\\\/naissaar.eu\\\/wp\\\/?s={search_term_string}\"},\"query-input\":{\"@type\":\"PropertyValueSpecification\",\"valueRequired\":true,\"valueName\":\"search_term_string\"}}],\"inLanguage\":\"et\"}]}<\/script>\n<!-- \/ Yoast SEO plugin. -->","yoast_head_json":{"title":"Kliendi\u00fcritus - Naissaare Turismi- ja Puhkekeskus","robots":{"index":"index","follow":"follow","max-snippet":"max-snippet:-1","max-image-preview":"max-image-preview:large","max-video-preview":"max-video-preview:-1"},"canonical":"https:\/\/www.naissaar.eu\/wp\/firmauritused\/kliendipaevad\/","schema":{"@context":"https:\/\/schema.org","@graph":[{"@type":"WebPage","@id":"https:\/\/www.naissaar.eu\/wp\/firmauritused\/kliendipaevad\/","url":"https:\/\/www.naissaar.eu\/wp\/firmauritused\/kliendipaevad\/","name":"Kliendi\u00fcritus - Naissaare Turismi- ja Puhkekeskus","isPartOf":{"@id":"https:\/\/naissaar.eu\/wp\/#website"},"datePublished":"2013-02-16T21:08:39+00:00","dateModified":"2020-01-23T16:57:20+00:00","breadcrumb":{"@id":"https:\/\/www.naissaar.eu\/wp\/firmauritused\/kliendipaevad\/#breadcrumb"},"inLanguage":"et","potentialAction":[{"@type":"ReadAction","target":["https:\/\/www.naissaar.eu\/wp\/firmauritused\/kliendipaevad\/"]}]},{"@type":"BreadcrumbList","@id":"https:\/\/www.naissaar.eu\/wp\/firmauritused\/kliendipaevad\/#breadcrumb","itemListElement":[{"@type":"ListItem","position":1,"name":"Home","item":"https:\/\/naissaar.eu\/wp\/"},{"@type":"ListItem","position":2,"name":"Firma\u00fcritused","item":"https:\/\/www.naissaar.eu\/wp\/firmauritused\/"},{"@type":"ListItem","position":3,"name":"Kliendi\u00fcritus"}]},{"@type":"WebSite","@id":"https:\/\/naissaar.eu\/wp\/#website","url":"https:\/\/naissaar.eu\/wp\/","name":"Naissaare Turismi- ja Puhkekeskus","description":"","potentialAction":[{"@type":"SearchAction","target":{"@type":"EntryPoint","urlTemplate":"https:\/\/naissaar.eu\/wp\/?s={search_term_string}"},"query-input":{"@type":"PropertyValueSpecification","valueRequired":true,"valueName":"search_term_string"}}],"inLanguage":"et"}]}},"_links":{"self":[{"href":"http:\/\/naissaar.eu\/wp\/wp-json\/wp\/v2\/pages\/815","targetHints":{"allow":["GET"]}}],"collection":[{"href":"http:\/\/naissaar.eu\/wp\/wp-json\/wp\/v2\/pages"}],"about":[{"href":"http:\/\/naissaar.eu\/wp\/wp-json\/wp\/v2\/types\/page"}],"author":[{"embeddable":true,"href":"http:\/\/naissaar.eu\/wp\/wp-json\/wp\/v2\/users\/2"}],"replies":[{"embeddable":true,"href":"http:\/\/naissaar.eu\/wp\/wp-json\/wp\/v2\/comments?post=815"}],"version-history":[{"count":5,"href":"http:\/\/naissaar.eu\/wp\/wp-json\/wp\/v2\/pages\/815\/revisions"}],"predecessor-version":[{"id":2167,"href":"http:\/\/naissaar.eu\/wp\/wp-json\/wp\/v2\/pages\/815\/revisions\/2167"}],"up":[{"embeddable":true,"href":"http:\/\/naissaar.eu\/wp\/wp-json\/wp\/v2\/pages\/18"}],"wp:attachment":[{"href":"http:\/\/naissaar.eu\/wp\/wp-json\/wp\/v2\/media?parent=815"}],"curies":[{"name":"wp","href":"https:\/\/api.w.org\/{rel}","templated":true}]}}